{"id":12737,"date":"2021-01-27T16:09:28","date_gmt":"2021-01-27T15:09:28","guid":{"rendered":"https:\/\/travelcoachchile.com\/destination-chile-holiday-permit-summer-2021\/"},"modified":"2024-07-20T12:40:27","modified_gmt":"2024-07-20T10:40:27","slug":"destination-chile-holiday-permit-summer-2021","status":"publish","type":"page","link":"https:\/\/travelcoachchile.com\/en\/destination-chile-holiday-permit-summer-2021\/","title":{"rendered":"Destination Chile holiday permit summer 2021"},"content":{"rendered":"\t\t<div data-elementor-type=\"wp-page\" data-elementor-id=\"12737\" class=\"elementor elementor-12737 elementor-12704\" data-elementor-post-type=\"page\">\n\t\t\t\t\t\t<section class=\"elementor-section elementor-top-section elementor-element elementor-element-c4bed49 elementor-section-boxed elementor-section-height-default elementor-section-height-default\" data-id=\"c4bed49\" data-element_type=\"section\">\n\t\t\t\t\t\t<div class=\"elementor-container elementor-column-gap-default\">\n\t\t\t\t\t<div class=\"elementor-column elementor-col-100 elementor-top-column elementor-element elementor-element-4e014c1\" data-id=\"4e014c1\" data-element_type=\"column\">\n\t\t\t<div class=\"elementor-widget-wrap elementor-element-populated\">\n\t\t\t\t\t\t<div class=\"elementor-element elementor-element-db334aa elementor-widget elementor-widget-html\" data-id=\"db334aa\" data-element_type=\"widget\" data-widget_type=\"html.default\">\n\t\t\t\t<div class=\"elementor-widget-container\">\n\t\t\t<!-- Begin Sendinblue Form --><!-- START - We recommend to place the below code in head tag of your website html --><style>@font-face {\n    font-display: block;\n    font-family: Roboto;\n    src: url(https:\/\/assets.sendinblue.com\/font\/Roboto\/Latin\/normal\/normal\/7529907e9eaf8ebb5220c5f9850e3811.woff2) format(\"woff2\"), url(https:\/\/assets.sendinblue.com\/font\/Roboto\/Latin\/normal\/normal\/25c678feafdc175a70922a116c9be3e7.woff) format(\"woff\")\n  }\n\n  @font-face {\n    font-display: fallback;\n    font-family: Roboto;\n    font-weight: 600;\n    src: url(https:\/\/assets.sendinblue.com\/font\/Roboto\/Latin\/medium\/normal\/6e9caeeafb1f3491be3e32744bc30440.woff2) format(\"woff2\"), url(https:\/\/assets.sendinblue.com\/font\/Roboto\/Latin\/medium\/normal\/71501f0d8d5aa95960f6475d5487d4c2.woff) format(\"woff\")\n  }\n\n  @font-face {\n    font-display: fallback;\n    font-family: Roboto;\n    font-weight: 700;\n    src: url(https:\/\/assets.sendinblue.com\/font\/Roboto\/Latin\/bold\/normal\/3ef7cf158f310cf752d5ad08cd0e7e60.woff2) format(\"woff2\"), url(https:\/\/assets.sendinblue.com\/font\/Roboto\/Latin\/bold\/normal\/ece3a1d82f18b60bcce0211725c476aa.woff) format(\"woff\")\n  }\n\n  #sib-container input:-ms-input-placeholder {\n    text-align: left;\n    font-family: \"Helvetica\", sans-serif;\n    color: #c0ccda;\n  }\n\n  #sib-container input::placeholder {\n    text-align: left;\n    font-family: \"Helvetica\", sans-serif;\n    color: #c0ccda;\n  }\n\n  #sib-container textarea::placeholder {\n    text-align: left;\n    font-family: \"Helvetica\", sans-serif;\n    color: #c0ccda;\n  }\n<\/style><link rel=\"stylesheet\" href=\"https:\/\/sibforms.com\/forms\/end-form\/build\/sib-styles.css\"><!-- END - We recommend to place the above code in head tag of your website html --><!-- START - We recommend to place the below code where you want the form in your website html --><div class=\"sib-form\" style=\"text-align: center; background-image: url(https:\/\/img.mailinblue.com\/2744697\/images\/rnb\/original\/5f0e4d562e5bd8513d3e8f2d.jpg); background-size: cover; background-repeat: no-repeat; background-position: center center; \"><div id=\"sib-form-container\" class=\"sib-form-container\"><div id=\"error-message\" class=\"sib-form-message-panel\" style=\"font-size:16px; text-align:left; font-family:&quot;Helvetica&quot;, sans-serif; color:#661d1d; background-color:#ffeded; border-radius:3px; border-color:#ff4949;max-width:540px;\"><div class=\"sib-form-message-panel__text sib-form-message-panel__text--center\"><svg viewBox=\"0 0 512 512\" class=\"sib-icon sib-notification__icon\"><path d=\"M256 40c118.621 0 216 96.075 216 216 0 119.291-96.61 216-216 216-119.244 0-216-96.562-216-216 0-119.203 96.602-216 216-216m0-32C119.043 8 8 119.083 8 256c0 136.997 111.043 248 248 248s248-111.003 248-248C504 119.083 392.957 8 256 8zm-11.49 120h22.979c6.823 0 12.274 5.682 11.99 12.5l-7 168c-.268 6.428-5.556 11.5-11.99 11.5h-8.979c-6.433 0-11.722-5.073-11.99-11.5l-7-168c-.283-6.818 5.167-12.5 11.99-12.5zM256 340c-15.464 0-28 12.536-28 28s12.536 28 28 28 28-12.536 28-28-12.536-28-28-28z\" \/><\/svg><span class=\"sib-form-message-panel__inner-text\">Nous n&#039;avons pas pu vous envoyer l&#039;email.\n                      <\/span><\/div><\/div><div><\/div><div id=\"success-message\" class=\"sib-form-message-panel\" style=\"font-size:16px; text-align:left; font-family:&quot;Helvetica&quot;, sans-serif; color:#085229; background-color:#e7faf0; border-radius:3px; border-color:#13ce66;max-width:540px;\"><div class=\"sib-form-message-panel__text sib-form-message-panel__text--center\"><svg viewBox=\"0 0 512 512\" class=\"sib-icon sib-notification__icon\"><path d=\"M256 8C119.033 8 8 119.033 8 256s111.033 248 248 248 248-111.033 248-248S392.967 8 256 8zm0 464c-118.664 0-216-96.055-216-216 0-118.663 96.055-216 216-216 118.664 0 216 96.055 216 216 0 118.663-96.055 216-216 216zm141.63-274.961L217.15 376.071c-4.705 4.667-12.303 4.637-16.97-.068l-85.878-86.572c-4.667-4.705-4.637-12.303.068-16.97l8.52-8.451c4.705-4.667 12.303-4.637 16.97.068l68.976 69.533 163.441-162.13c4.705-4.667 12.303-4.637 16.97.068l8.451 8.52c4.668 4.705 4.637 12.303-.068 16.97z\" \/><\/svg><span class=\"sib-form-message-panel__inner-text\">Votre email est envoy\u00e9.\n                      <\/span><\/div><\/div><div><\/div><div id=\"sib-container\" class=\"sib-container--large sib-container--vertical\" style=\"text-align:center; background-color:rgba(255,255,255,0.72); max-width:540px; border-radius:3px; border-width:1px; border-color:#C0CCD9; border-style:solid;\"><form id=\"sib-form\" method=\"POST\" action=\"https:\/\/25880910.sibforms.com\/serve\/MUIEAIroS3zyW2rw9WkbT_6vCbMLb_kC20248asRhXOllROn5EYBcUPQEA-ELan1TpR_O-TMoEnRVYhnvE7SE5rkHOCcc2I16v2fSr3jd25Ma3ZI5oKqu3wa0_IUM-C55PbXO_eFig_Pi9LspLJU9wW5aG4-Zs0wSnuH7QROkTWFbkvLGGW6bcv4VDVsX7CTIiRFu6F4z3eX-h9F\" data-type=\"subscription\"><div style=\"padding: 8px 0;\"><div class=\"sib-form-block\" style=\"font-size:20px; text-align:center; font-weight:700; font-family:&quot;Helvetica&quot;, sans-serif; color:#3C4858; background-color:transparent;\"><h1 style=\"font-size:20px;margin:0px;\">Destinations Permiso Vacaciones<\/h1><\/div><\/div><div style=\"padding: 8px 0;\"><div class=\"sib-form-block\" style=\"font-size:16px; text-align:left; font-family:&quot;Helvetica&quot;, sans-serif; color:#3C4858; background-color:transparent;\"><div class=\"sib-text-form-block\"><p>Nous vous proposons 6<strong>&nbsp;s\u00e9jours adapt\u00e9s aux nouvelles r\u00e9gulations sanitaires<\/strong>, qui vous permettront de profiter au maximum de vos vacances d\u2019\u00e9t\u00e9 au Chili, tout en d\u00e9couvrant de nouvelles r\u00e9gions et en vivant des <strong>exp\u00e9riences authentiques<\/strong>.<\/p><\/div><\/div><\/div><div style=\"padding: 8px 0;\"><div class=\"sib-input sib-form-block\"><div class=\"form__entry entry_block\"><div class=\"form__label-row \"><label class=\"entry__label\" style=\"font-size:16px; text-align:left; font-weight:700; font-family:&quot;Helvetica&quot;, sans-serif; color:#3c4858;\" for=\"EMAIL\" data-required=\"*\">Veuillez renseigner votre adresse email pour recevoir nos id\u00e9es de voyages pour l&#039;\u00e9t\u00e9 2021\n                <\/label><div class=\"entry__field\"><input class=\"input\" type=\"text\" id=\"EMAIL\" name=\"EMAIL\" autocomplete=\"off\" placeholder=\"EMAIL\" data-required=\"true\" required \/><\/div><\/div><label class=\"entry__error entry__error--primary\" style=\"font-size:16px; text-align:left; font-family:&quot;Helvetica&quot;, sans-serif; color:#661d1d; background-color:#ffeded; border-radius:3px; border-color:#ff4949;\"><\/label><label class=\"entry__specification\" style=\"font-size:12px; text-align:left; font-family:&quot;Helvetica&quot;, sans-serif; color:#8390A4;\">Veuillez renseigner votre adresse email pour vous inscrire. Ex. : abc@xyz.com\n              <\/label><\/div><\/div><\/div><div style=\"padding: 8px 0;\"><div class=\"sib-optin sib-form-block\"><div class=\"form__entry entry_mcq\"><div class=\"form__label-row \"><div class=\"entry__choice\"><label><input type=\"checkbox\" class=\"input_replaced\" value=\"1\" id=\"OPT_IN\" name=\"OPT_IN\" \/><span class=\"checkbox checkbox_tick_positive\"><\/span><span style=\"font-size:14px; text-align:left; font-family:&quot;Helvetica&quot;, sans-serif; color:#3C4858; background-color:transparent;\"><p>J'accepte de recevoir vos e-mails (maximum 1 par mois, toujours rempli d'informations utiles et int\u00e9ressantes sur le Chili).<\/p><\/span>                    <\/label><\/div><\/div><label class=\"entry__error entry__error--primary\" style=\"font-size:16px; text-align:left; font-family:&quot;Helvetica&quot;, sans-serif; color:#661d1d; background-color:#ffeded; border-radius:3px; border-color:#ff4949;\"><\/label><label class=\"entry__specification\" style=\"font-size:12px; text-align:left; font-family:&quot;Helvetica&quot;, sans-serif; color:#8390A4;\">Vous pouvez vous d\u00e9sinscrire \u00e0 tout moment en cliquant sur le lien pr\u00e9sent dans nos emails.\n              <\/label><\/div><\/div><\/div><div style=\"padding: 8px 0;\"><div class=\"sib-form-block\" style=\"text-align: center\"><button class=\"sib-form-block__button sib-form-block__button-with-loader\" style=\"font-size:16px; text-align:center; font-weight:700; font-family:&quot;Helvetica&quot;, sans-serif; color:#FFFFFF; background-color:#3b82ec; border-radius:3px; border-width:0px;\" form=\"sib-form\" type=\"submit\"><svg class=\"icon clickable__icon progress-indicator__icon sib-hide-loader-icon\" viewBox=\"0 0 512 512\"><path d=\"M460.116 373.846l-20.823-12.022c-5.541-3.199-7.54-10.159-4.663-15.874 30.137-59.886 28.343-131.652-5.386-189.946-33.641-58.394-94.896-95.833-161.827-99.676C261.028 55.961 256 50.751 256 44.352V20.309c0-6.904 5.808-12.337 12.703-11.982 83.556 4.306 160.163 50.864 202.11 123.677 42.063 72.696 44.079 162.316 6.031 236.832-3.14 6.148-10.75 8.461-16.728 5.01z\" \/><\/svg>Envoyez moi les 6 itin\u00e9raires\n            <\/button><\/div><\/div><input type=\"text\" name=\"email_address_check\" value=\"\" class=\"input--hidden\"><input type=\"hidden\" name=\"locale\" value=\"fr\"><\/form><\/div><\/div><\/div><!-- END - We recommend to place the below code where you want the form in your website html --><!-- START - We recommend to place the below code in footer or bottom of your website html --><script>window.REQUIRED_CODE_ERROR_MESSAGE = 'Veuillez choisir un code pays';\n\n  window.EMAIL_INVALID_MESSAGE = window.SMS_INVALID_MESSAGE = \"Les informations que vous avez fournies ne sont pas valides. Veuillez v\u00e9rifier le format du champ et r\u00e9essayer.\";\n\n  window.REQUIRED_ERROR_MESSAGE = \"Vous devez renseigner ce champ. \";\n\n  window.GENERIC_INVALID_MESSAGE = \"Les informations que vous avez fournies ne sont pas valides. Veuillez v\u00e9rifier le format du champ et r\u00e9essayer.\";\n\n\n\n\n  window.translation = {\n    common: {\n      selectedList: '{quantity} liste s\u00e9lectionn\u00e9e',\n      selectedLists: '{quantity} listes s\u00e9lectionn\u00e9es'\n    }\n  };\n\n  var AUTOHIDE = Boolean(0);\n<\/script><script src=\"https:\/\/sibforms.com\/forms\/end-form\/build\/main.js\"><\/script><!-- END - We recommend to place the above code in footer or bottom of your website html --><!-- End Sendinblue Form -->\t\t<\/div>\n\t\t\t\t<\/div>\n\t\t\t\t\t<\/div>\n\t\t<\/div>\n\t\t\t\t\t<\/div>\n\t\t<\/section>\n\t\t\t\t<\/div>\n\t\t","protected":false},"excerpt":{"rendered":"<p>Nous n&#039;avons pas pu vous envoyer l&#039;email. Votre email est envoy\u00e9. Destinations Permiso Vacaciones Nous vous proposons 6&nbsp;s\u00e9jours adapt\u00e9s aux nouvelles r\u00e9gulations sanitaires, qui vous permettront de profiter au maximum de vos vacances d\u2019\u00e9t\u00e9 au Chili, tout en d\u00e9couvrant de nouvelles r\u00e9gions et en vivant des exp\u00e9riences authentiques. Veuillez renseigner votre adresse email pour recevoir [&hellip;]<\/p>\n","protected":false},"author":1,"featured_media":0,"parent":0,"menu_order":0,"comment_status":"closed","ping_status":"closed","template":"","meta":{"content-type":"","om_disable_all_campaigns":false,"_monsterinsights_skip_tracking":false,"_monsterinsights_sitenote_active":false,"_monsterinsights_sitenote_note":"","_monsterinsights_sitenote_category":0,"footnotes":""},"class_list":["post-12737","page","type-page","status-publish","hentry"],"aioseo_notices":[],"yoast_head":"<!-- This site is optimized with the Yoast SEO plugin v23.0 - https:\/\/yoast.com\/wordpress\/plugins\/seo\/ -->\n<title>Destination Chile holiday permit summer 2021 - Travel Coach Chile<\/title>\n<meta name=\"description\" content=\"We offer 6 stays adapted to the new health regulations, which will allow you to make the most of your summer vacation in Chile, while discovering new regions and living authentic experiences.\" \/>\n<meta name=\"robots\" content=\"index, follow, max-snippet:-1, max-image-preview:large, max-video-preview:-1\" \/>\n<link rel=\"canonical\" href=\"https:\/\/travelcoachchile.com\/en\/destination-chile-holiday-permit-summer-2021\/\" \/>\n<meta property=\"og:locale\" content=\"en_US\" \/>\n<meta property=\"og:type\" content=\"article\" \/>\n<meta property=\"og:title\" content=\"Destination Chile holiday permit summer 2021 - Travel Coach Chile\" \/>\n<meta property=\"og:description\" content=\"We offer 6 stays adapted to the new health regulations, which will allow you to make the most of your summer vacation in Chile, while discovering new regions and living authentic experiences.\" \/>\n<meta property=\"og:url\" content=\"https:\/\/travelcoachchile.com\/en\/destination-chile-holiday-permit-summer-2021\/\" \/>\n<meta property=\"og:site_name\" content=\"Travel Coach Chile\" \/>\n<meta property=\"article:modified_time\" content=\"2024-07-20T10:40:27+00:00\" \/>\n<meta name=\"twitter:card\" content=\"summary_large_image\" \/>\n<meta name=\"twitter:label1\" content=\"Est. reading time\" \/>\n\t<meta name=\"twitter:data1\" content=\"1 minute\" \/>\n<script type=\"application\/ld+json\" class=\"yoast-schema-graph\">{\"@context\":\"https:\/\/schema.org\",\"@graph\":[{\"@type\":\"WebPage\",\"@id\":\"https:\/\/travelcoachchile.com\/en\/destination-chile-holiday-permit-summer-2021\/\",\"url\":\"https:\/\/travelcoachchile.com\/en\/destination-chile-holiday-permit-summer-2021\/\",\"name\":\"Destination Chile holiday permit summer 2021 - Travel Coach Chile\",\"isPartOf\":{\"@id\":\"https:\/\/travelcoachchile.com\/en\/#website\"},\"datePublished\":\"2021-01-27T15:09:28+00:00\",\"dateModified\":\"2024-07-20T10:40:27+00:00\",\"description\":\"We offer 6 stays adapted to the new health regulations, which will allow you to make the most of your summer vacation in Chile, while discovering new regions and living authentic experiences.\",\"breadcrumb\":{\"@id\":\"https:\/\/travelcoachchile.com\/en\/destination-chile-holiday-permit-summer-2021\/#breadcrumb\"},\"inLanguage\":\"en-US\",\"potentialAction\":[{\"@type\":\"ReadAction\",\"target\":[\"https:\/\/travelcoachchile.com\/en\/destination-chile-holiday-permit-summer-2021\/\"]}]},{\"@type\":\"BreadcrumbList\",\"@id\":\"https:\/\/travelcoachchile.com\/en\/destination-chile-holiday-permit-summer-2021\/#breadcrumb\",\"itemListElement\":[{\"@type\":\"ListItem\",\"position\":1,\"name\":\"Accueil\",\"item\":\"https:\/\/travelcoachchile.com\/en\/\"},{\"@type\":\"ListItem\",\"position\":2,\"name\":\"Destination Chile holiday permit summer 2021\"}]},{\"@type\":\"WebSite\",\"@id\":\"https:\/\/travelcoachchile.com\/en\/#website\",\"url\":\"https:\/\/travelcoachchile.com\/en\/\",\"name\":\"Travel Coach Chile\",\"description\":\"Your trip off the beaten tracks in Chile and Argentina\",\"publisher\":{\"@id\":\"https:\/\/travelcoachchile.com\/en\/#organization\"},\"potentialAction\":[{\"@type\":\"SearchAction\",\"target\":{\"@type\":\"EntryPoint\",\"urlTemplate\":\"https:\/\/travelcoachchile.com\/en\/?s={search_term_string}\"},\"query-input\":\"required name=search_term_string\"}],\"inLanguage\":\"en-US\"},{\"@type\":\"Organization\",\"@id\":\"https:\/\/travelcoachchile.com\/en\/#organization\",\"name\":\"TravelCoachChile\",\"url\":\"https:\/\/travelcoachchile.com\/en\/\",\"logo\":{\"@type\":\"ImageObject\",\"inLanguage\":\"en-US\",\"@id\":\"https:\/\/travelcoachchile.com\/en\/#\/schema\/logo\/image\/\",\"url\":\"https:\/\/travelcoachchile.com\/wp-content\/uploads\/2020\/05\/Logo-seul-soleil-blanc-fond-transparent.png\",\"contentUrl\":\"https:\/\/travelcoachchile.com\/wp-content\/uploads\/2020\/05\/Logo-seul-soleil-blanc-fond-transparent.png\",\"width\":423,\"height\":230,\"caption\":\"TravelCoachChile\"},\"image\":{\"@id\":\"https:\/\/travelcoachchile.com\/en\/#\/schema\/logo\/image\/\"}}]}<\/script>\n<!-- \/ Yoast SEO plugin. -->","yoast_head_json":{"title":"Destination Chile holiday permit summer 2021 - Travel Coach Chile","description":"We offer 6 stays adapted to the new health regulations, which will allow you to make the most of your summer vacation in Chile, while discovering new regions and living authentic experiences.","robots":{"index":"index","follow":"follow","max-snippet":"max-snippet:-1","max-image-preview":"max-image-preview:large","max-video-preview":"max-video-preview:-1"},"canonical":"https:\/\/travelcoachchile.com\/en\/destination-chile-holiday-permit-summer-2021\/","og_locale":"en_US","og_type":"article","og_title":"Destination Chile holiday permit summer 2021 - Travel Coach Chile","og_description":"We offer 6 stays adapted to the new health regulations, which will allow you to make the most of your summer vacation in Chile, while discovering new regions and living authentic experiences.","og_url":"https:\/\/travelcoachchile.com\/en\/destination-chile-holiday-permit-summer-2021\/","og_site_name":"Travel Coach Chile","article_modified_time":"2024-07-20T10:40:27+00:00","twitter_card":"summary_large_image","twitter_misc":{"Est. reading time":"1 minute"},"schema":{"@context":"https:\/\/schema.org","@graph":[{"@type":"WebPage","@id":"https:\/\/travelcoachchile.com\/en\/destination-chile-holiday-permit-summer-2021\/","url":"https:\/\/travelcoachchile.com\/en\/destination-chile-holiday-permit-summer-2021\/","name":"Destination Chile holiday permit summer 2021 - Travel Coach Chile","isPartOf":{"@id":"https:\/\/travelcoachchile.com\/en\/#website"},"datePublished":"2021-01-27T15:09:28+00:00","dateModified":"2024-07-20T10:40:27+00:00","description":"We offer 6 stays adapted to the new health regulations, which will allow you to make the most of your summer vacation in Chile, while discovering new regions and living authentic experiences.","breadcrumb":{"@id":"https:\/\/travelcoachchile.com\/en\/destination-chile-holiday-permit-summer-2021\/#breadcrumb"},"inLanguage":"en-US","potentialAction":[{"@type":"ReadAction","target":["https:\/\/travelcoachchile.com\/en\/destination-chile-holiday-permit-summer-2021\/"]}]},{"@type":"BreadcrumbList","@id":"https:\/\/travelcoachchile.com\/en\/destination-chile-holiday-permit-summer-2021\/#breadcrumb","itemListElement":[{"@type":"ListItem","position":1,"name":"Accueil","item":"https:\/\/travelcoachchile.com\/en\/"},{"@type":"ListItem","position":2,"name":"Destination Chile holiday permit summer 2021"}]},{"@type":"WebSite","@id":"https:\/\/travelcoachchile.com\/en\/#website","url":"https:\/\/travelcoachchile.com\/en\/","name":"Travel Coach Chile","description":"Your trip off the beaten tracks in Chile and Argentina","publisher":{"@id":"https:\/\/travelcoachchile.com\/en\/#organization"},"potentialAction":[{"@type":"SearchAction","target":{"@type":"EntryPoint","urlTemplate":"https:\/\/travelcoachchile.com\/en\/?s={search_term_string}"},"query-input":"required name=search_term_string"}],"inLanguage":"en-US"},{"@type":"Organization","@id":"https:\/\/travelcoachchile.com\/en\/#organization","name":"TravelCoachChile","url":"https:\/\/travelcoachchile.com\/en\/","logo":{"@type":"ImageObject","inLanguage":"en-US","@id":"https:\/\/travelcoachchile.com\/en\/#\/schema\/logo\/image\/","url":"https:\/\/travelcoachchile.com\/wp-content\/uploads\/2020\/05\/Logo-seul-soleil-blanc-fond-transparent.png","contentUrl":"https:\/\/travelcoachchile.com\/wp-content\/uploads\/2020\/05\/Logo-seul-soleil-blanc-fond-transparent.png","width":423,"height":230,"caption":"TravelCoachChile"},"image":{"@id":"https:\/\/travelcoachchile.com\/en\/#\/schema\/logo\/image\/"}}]}},"_links":{"self":[{"href":"https:\/\/travelcoachchile.com\/en\/wp-json\/wp\/v2\/pages\/12737"}],"collection":[{"href":"https:\/\/travelcoachchile.com\/en\/wp-json\/wp\/v2\/pages"}],"about":[{"href":"https:\/\/travelcoachchile.com\/en\/wp-json\/wp\/v2\/types\/page"}],"author":[{"embeddable":true,"href":"https:\/\/travelcoachchile.com\/en\/wp-json\/wp\/v2\/users\/1"}],"replies":[{"embeddable":true,"href":"https:\/\/travelcoachchile.com\/en\/wp-json\/wp\/v2\/comments?post=12737"}],"version-history":[{"count":5,"href":"https:\/\/travelcoachchile.com\/en\/wp-json\/wp\/v2\/pages\/12737\/revisions"}],"predecessor-version":[{"id":15526,"href":"https:\/\/travelcoachchile.com\/en\/wp-json\/wp\/v2\/pages\/12737\/revisions\/15526"}],"wp:attachment":[{"href":"https:\/\/travelcoachchile.com\/en\/wp-json\/wp\/v2\/media?parent=12737"}],"curies":[{"name":"wp","href":"https:\/\/api.w.org\/{rel}","templated":true}]}}